{"id":68,"date":"2023-12-05T14:27:07","date_gmt":"2023-12-05T13:27:07","guid":{"rendered":"https:\/\/www.parken.city\/maw\/?page_id=68"},"modified":"2023-12-07T10:08:45","modified_gmt":"2023-12-07T09:08:45","slug":"ueber-uns","status":"publish","type":"page","link":"https:\/\/www.parken.city\/maw\/ueber-uns\/","title":{"rendered":"\u00dcber uns"},"content":{"rendered":"\n<div class=\"wp-block-columns is-layout-flex wp-container-core-columns-is-layout-28f84493 wp-block-columns-is-layout-flex\">\n<div class=\"wp-block-column is-layout-flow wp-block-column-is-layout-flow\" style=\"flex-basis:25%\">\n<figure class=\"wp-block-image aligncenter size-full is-resized\"><img loading=\"lazy\" decoding=\"async\" width=\"311\" height=\"453\" src=\"https:\/\/www.parken.city\/maw\/wp-content\/uploads\/2023\/12\/2-8.jpg\" alt=\"\" class=\"wp-image-187\" style=\"width:auto;height:400px\" srcset=\"https:\/\/www.parken.city\/maw\/wp-content\/uploads\/2023\/12\/2-8.jpg 311w, https:\/\/www.parken.city\/maw\/wp-content\/uploads\/2023\/12\/2-8-206x300.jpg 206w\" sizes=\"auto, (max-width: 311px) 100vw, 311px\" \/><\/figure>\n<\/div>\n\n\n\n<div class=\"wp-block-column is-layout-flow wp-block-column-is-layout-flow\" style=\"flex-basis:50%\">\n<p>Unsere auf das Medium \u201eParkhauswerbung\u201c spezialisierte Agentur, mit Sitz am Rande des Th\u00fcringer Waldes im gr\u00fcnen Herzen Deutschlands, wurde bereits 2005 gegr\u00fcndet. Zuvor arbeitete Thomas Wolf, der Inhaber der Agentur, mehr als 13 Jahre erfolgreich bei einer der gr\u00f6\u00dften deutschen Au\u00dfenwerbegesellschaften im Vertrieb von Werbefl\u00e4chen. <\/p>\n\n\n\n<p>Aktuell bewirtschaften wir beleuchtete und unbeleuchtete Werbetr\u00e4ger in bundesweit mehr als 70 Parkobjekten. Unser Dienstleitungen richten sich dabei sowohl an Eigent\u00fcmer, Investoren und Betreiber von Parkh\u00e4usern und Tiefgaragen, als auch an lokale und \u00fcberregionale Firmen, die auf der Suche nach hoch frequentierten Werbem\u00f6glichkeiten unmittelbar am Point of Sale sind.<\/p>\n\n\n\n<p>Unser effizientes Team besteht aus 3 festangestellten bzw. 3 freiberuflichen Mitarbeitern und Mitarbeiterinnen mit langj\u00e4hriger Erfahrung. Weiterhin pflegen wir bundesweite Kooperationen mit zahlreichen Partnerunternehmen und Dienstleistern.<\/p>\n<\/div>\n\n\n\n<div class=\"wp-block-column is-layout-flow wp-block-column-is-layout-flow\" style=\"flex-basis:25%\">\n<figure class=\"wp-block-image size-full is-resized is-style-default\"><img loading=\"lazy\" decoding=\"async\" width=\"420\" height=\"522\" src=\"https:\/\/www.parken.city\/maw\/wp-content\/uploads\/2023\/12\/2-9.jpg\" alt=\"\" class=\"wp-image-193\" style=\"width:auto;height:400px\" srcset=\"https:\/\/www.parken.city\/maw\/wp-content\/uploads\/2023\/12\/2-9.jpg 420w, https:\/\/www.parken.city\/maw\/wp-content\/uploads\/2023\/12\/2-9-241x300.jpg 241w\" sizes=\"auto, (max-width: 420px) 100vw, 420px\" \/><\/figure>\n<\/div>\n<\/div>\n","protected":false},"excerpt":{"rendered":"<p>Unsere auf das Medium \u201eParkhauswerbung\u201c spezialisierte Agentur, mit Sitz am Rande des Th\u00fcringer Waldes im gr\u00fcnen Herzen Deutschlands, wurde bereits 2005 gegr\u00fcndet. Zuvor arbeitete Thomas Wolf, der Inhaber der Agentur, [&hellip;]<\/p>\n","protected":false},"author":1,"featured_media":0,"parent":0,"menu_order":0,"comment_status":"closed","ping_status":"closed","template":"","meta":{"footnotes":""},"class_list":["post-68","page","type-page","status-publish","hentry"],"_links":{"self":[{"href":"https:\/\/www.parken.city\/maw\/wp-json\/wp\/v2\/pages\/68","targetHints":{"allow":["GET"]}}],"collection":[{"href":"https:\/\/www.parken.city\/maw\/wp-json\/wp\/v2\/pages"}],"about":[{"href":"https:\/\/www.parken.city\/maw\/wp-json\/wp\/v2\/types\/page"}],"author":[{"embeddable":true,"href":"https:\/\/www.parken.city\/maw\/wp-json\/wp\/v2\/users\/1"}],"replies":[{"embeddable":true,"href":"https:\/\/www.parken.city\/maw\/wp-json\/wp\/v2\/comments?post=68"}],"version-history":[{"count":5,"href":"https:\/\/www.parken.city\/maw\/wp-json\/wp\/v2\/pages\/68\/revisions"}],"predecessor-version":[{"id":194,"href":"https:\/\/www.parken.city\/maw\/wp-json\/wp\/v2\/pages\/68\/revisions\/194"}],"wp:attachment":[{"href":"https:\/\/www.parken.city\/maw\/wp-json\/wp\/v2\/media?parent=68"}],"curies":[{"name":"wp","href":"https:\/\/api.w.org\/{rel}","templated":true}]}}