{"id":64,"date":"2023-12-05T14:24:16","date_gmt":"2023-12-05T13:24:16","guid":{"rendered":"https:\/\/www.parken.city\/maw\/?page_id=64"},"modified":"2023-12-05T15:57:53","modified_gmt":"2023-12-05T14:57:53","slug":"werbekunden","status":"publish","type":"page","link":"https:\/\/www.parken.city\/maw\/werbekunden\/","title":{"rendered":"Werbem\u00f6glichkeiten"},"content":{"rendered":"\n<p>Im Gegensatz zu den klassischen Medien der Au\u00dfenwerbung k\u00f6nnen sich die Nutzer von Parkh\u00e4usern und Tiefgaragen der Ansicht auf die Werbetr\u00e4ger und somit Ihrer Werbebotschaft kaum entziehen.<\/p>\n\n\n\n<p>Moderne formsch\u00f6ne beleuchtete und unbeleuchtete Werbetr\u00e4ger werden entlang der Zwangslauf- und Fahrtrichtungen sowie an Orten mit Verweildauer installiert.<\/p>\n\n\n\n<p>Einerseits bieten standardisierte Werbetr\u00e4gerarten in den DIN-Formaten die M\u00f6glichkeit, die Werbemotive schnell und kosteng\u00fcnstig zu aktualisieren, andererseits nutzen au\u00dferformatige Werbetr\u00e4ger die baulichen Gegebenheiten an werbetechnisch attraktiven Stellen optimal aus.<\/p>\n\n\n\n<p>Besonders werbewirksam lassen sich verschiedene M\u00f6glichkeiten der Parkgeldr\u00fcckerstattung f\u00fcr Ihre Kunden, nicht nur bei Vorlage des Parktickets, auf den verschiedenen Werbetr\u00e4gerarten darstellen.<\/p>\n\n\n\n<p>Ihre Werbebotschaft spricht Ihre Zielgruppe vor m\u00f6glichen Kaufentscheidungen unmittelbar und direkt an, da sich die Parkobjekte immer in Innenstadtlagen und damit am&nbsp;<strong>\u201ePoint of Sale\u201c<\/strong>&nbsp;befinden.<br>Zu Fragen der Erstellung eines Layouts oder der Produktion Ihres Werbemittels stehen wir Ihnen gern zur Verf\u00fcgung.<\/p>\n\n\n\n<p>Das Medium \u201eParkhauswerbung\u201c als eines der kleinsten Segmente der Au\u00dfenwerbung ist Bestandteil eines gesunden \u201eMedia-Mix\u201c und steht f\u00fcr<\/p>\n\n\n\n<ul class=\"wp-block-list\">\n<li>die Bekanntmachung Ihrer Produkte und Dienstleistungen<\/li>\n\n\n\n<li>Neukundenansprache<\/li>\n\n\n\n<li>Kundenr\u00fcckgewinnung<\/li>\n\n\n\n<li>Erh\u00f6hung des Wiedererkennungs- und Erinnerungswertes Ihres Unternehmens<\/li>\n\n\n\n<li>eine hohe Aufnahmewahrscheinlichkeit und<\/li>\n\n\n\n<li>eine Mehrfachwahrnehmung Ihrer Werbebotschaft<\/li>\n\n\n\n<li>hohe Aktualit\u00e4t durch \u00fcberschaubare Gestellungskosten.<\/li>\n<\/ul>\n","protected":false},"excerpt":{"rendered":"<p>Im Gegensatz zu den klassischen Medien der Au\u00dfenwerbung k\u00f6nnen sich die Nutzer von Parkh\u00e4usern und Tiefgaragen der Ansicht auf die Werbetr\u00e4ger und somit Ihrer Werbebotschaft kaum entziehen. Moderne formsch\u00f6ne beleuchtete [&hellip;]<\/p>\n","protected":false},"author":1,"featured_media":0,"parent":0,"menu_order":0,"comment_status":"closed","ping_status":"closed","template":"","meta":{"footnotes":""},"class_list":["post-64","page","type-page","status-publish","hentry"],"_links":{"self":[{"href":"https:\/\/www.parken.city\/maw\/wp-json\/wp\/v2\/pages\/64","targetHints":{"allow":["GET"]}}],"collection":[{"href":"https:\/\/www.parken.city\/maw\/wp-json\/wp\/v2\/pages"}],"about":[{"href":"https:\/\/www.parken.city\/maw\/wp-json\/wp\/v2\/types\/page"}],"author":[{"embeddable":true,"href":"https:\/\/www.parken.city\/maw\/wp-json\/wp\/v2\/users\/1"}],"replies":[{"embeddable":true,"href":"https:\/\/www.parken.city\/maw\/wp-json\/wp\/v2\/comments?post=64"}],"version-history":[{"count":3,"href":"https:\/\/www.parken.city\/maw\/wp-json\/wp\/v2\/pages\/64\/revisions"}],"predecessor-version":[{"id":166,"href":"https:\/\/www.parken.city\/maw\/wp-json\/wp\/v2\/pages\/64\/revisions\/166"}],"wp:attachment":[{"href":"https:\/\/www.parken.city\/maw\/wp-json\/wp\/v2\/media?parent=64"}],"curies":[{"name":"wp","href":"https:\/\/api.w.org\/{rel}","templated":true}]}}